{"id":142,"date":"2024-08-03T14:14:28","date_gmt":"2024-08-03T14:14:28","guid":{"rendered":"https:\/\/sembaintheworld.com\/ao\/?page_id=142"},"modified":"2024-09-09T14:35:34","modified_gmt":"2024-09-09T14:35:34","slug":"musica","status":"publish","type":"page","link":"https:\/\/sembaintheworld.com\/ao\/musica\/","title":{"rendered":"M\u00fasica"},"content":{"rendered":"\t\t<div data-elementor-type=\"wp-page\" data-elementor-id=\"142\" class=\"elementor elementor-142\">\n\t\t\t\t\t\t<section class=\"elementor-section elementor-top-section elementor-element elementor-element-4164810 elementor-section-content-middle elementor-section-height-min-height elementor-section-boxed elementor-section-height-default elementor-section-items-middle wpr-particle-no wpr-jarallax-no wpr-parallax-no wpr-sticky-section-no\" data-id=\"4164810\" data-element_type=\"section\" data-settings=\"{&quot;background_background&quot;:&quot;video&quot;,&quot;background_video_link&quot;:&quot;https:\\\/\\\/vimeo.com\\\/1007645772&quot;}\">\n\t\t\t\t\t\t\t\t<div class=\"elementor-background-video-container elementor-hidden-phone\">\n\t\t\t\t\t\t\t\t\t\t\t\t\t<div class=\"elementor-background-video-embed\"><\/div>\n\t\t\t\t\t\t\t\t\t\t\t\t<\/div>\n\t\t\t\t\t\t\t\t\t<div class=\"elementor-background-overlay\"><\/div>\n\t\t\t\t\t\t\t<div class=\"elementor-container elementor-column-gap-default\">\n\t\t\t\t\t<div class=\"elementor-column elementor-col-66 elementor-top-column elementor-element elementor-element-78b9dd9f\" data-id=\"78b9dd9f\" data-element_type=\"column\">\n\t\t\t<div class=\"elementor-widget-wrap elementor-element-populated\">\n\t\t\t\t\t\t<div class=\"elementor-element elementor-element-48db4b5a elementor-invisible elementor-widget elementor-widget-text-editor\" data-id=\"48db4b5a\" data-element_type=\"widget\" data-settings=\"{&quot;_animation&quot;:&quot;fadeInDown&quot;}\" data-widget_type=\"text-editor.default\">\n\t\t\t\t<div class=\"elementor-widget-container\">\n\t\t\t<style>\/*! elementor - v3.23.0 - 10-07-2024 *\/\n.elementor-widget-text-editor.elementor-drop-cap-view-stacked .elementor-drop-cap{background-color:#69727d;color:#fff}.elementor-widget-text-editor.elementor-drop-cap-view-framed .elementor-drop-cap{color:#69727d;border:3px solid;background-color:transparent}.elementor-widget-text-editor:not(.elementor-drop-cap-view-default) .elementor-drop-cap{margin-top:8px}.elementor-widget-text-editor:not(.elementor-drop-cap-view-default) .elementor-drop-cap-letter{width:1em;height:1em}.elementor-widget-text-editor .elementor-drop-cap{float:left;text-align:center;line-height:1;font-size:50px}.elementor-widget-text-editor .elementor-drop-cap-letter{display:inline-block}<\/style>\t\t\t\t<p>MAIS SOBRE A M\u00daSICA ANGOLANA<\/p>\t\t\t\t\t\t<\/div>\n\t\t\t\t<\/div>\n\t\t\t\t<div class=\"elementor-element elementor-element-489cbd1b animated-slow elementor-invisible elementor-widget elementor-widget-heading\" data-id=\"489cbd1b\" data-element_type=\"widget\" data-settings=\"{&quot;_animation&quot;:&quot;fadeIn&quot;,&quot;_animation_delay&quot;:600}\" data-widget_type=\"heading.default\">\n\t\t\t\t<div class=\"elementor-widget-container\">\n\t\t\t<style>\/*! elementor - v3.23.0 - 10-07-2024 *\/\n.elementor-heading-title{padding:0;margin:0;line-height:1}.elementor-widget-heading .elementor-heading-title[class*=elementor-size-]>a{color:inherit;font-size:inherit;line-height:inherit}.elementor-widget-heading .elementor-heading-title.elementor-size-small{font-size:15px}.elementor-widget-heading .elementor-heading-title.elementor-size-medium{font-size:19px}.elementor-widget-heading .elementor-heading-title.elementor-size-large{font-size:29px}.elementor-widget-heading .elementor-heading-title.elementor-size-xl{font-size:39px}.elementor-widget-heading .elementor-heading-title.elementor-size-xxl{font-size:59px}<\/style><h1 class=\"elementor-heading-title elementor-size-default\">M\u00daSICA<\/h1>\t\t<\/div>\n\t\t\t\t<\/div>\n\t\t\t\t\t<\/div>\n\t\t<\/div>\n\t\t\t\t<div class=\"elementor-column elementor-col-33 elementor-top-column elementor-element elementor-element-52171bd6 elementor-invisible\" data-id=\"52171bd6\" data-element_type=\"column\" data-settings=\"{&quot;animation&quot;:&quot;fadeIn&quot;,&quot;animation_delay&quot;:1200}\">\n\t\t\t<div class=\"elementor-widget-wrap elementor-element-populated\">\n\t\t\t\t\t\t<div class=\"elementor-element elementor-element-7f80f476 elementor-align-center elementor-tablet-align-center elementor-mobile-align-center elementor-widget elementor-widget-button\" data-id=\"7f80f476\" data-element_type=\"widget\" data-widget_type=\"button.default\">\n\t\t\t\t<div class=\"elementor-widget-container\">\n\t\t\t\t\t<div class=\"elementor-button-wrapper\">\n\t\t\t<a class=\"elementor-button elementor-button-link elementor-size-lg elementor-animation-shrink\" href=\"#artista\">\n\t\t\t\t\t\t<span class=\"elementor-button-content-wrapper\">\n\t\t\t\t\t\t<span class=\"elementor-button-icon\">\n\t\t\t\t<svg aria-hidden=\"true\" class=\"e-font-icon-svg e-fas-chevron-down\" viewBox=\"0 0 448 512\" xmlns=\"http:\/\/www.w3.org\/2000\/svg\"><path d=\"M207.029 381.476L12.686 187.132c-9.373-9.373-9.373-24.569 0-33.941l22.667-22.667c9.357-9.357 24.522-9.375 33.901-.04L224 284.505l154.745-154.021c9.379-9.335 24.544-9.317 33.901.04l22.667 22.667c9.373 9.373 9.373 24.569 0 33.941L240.971 381.476c-9.373 9.372-24.569 9.372-33.942 0z\"><\/path><\/svg>\t\t\t<\/span>\n\t\t\t\t\t\t\t\t\t<span class=\"elementor-button-text\">Artista do m\u00eas<\/span>\n\t\t\t\t\t<\/span>\n\t\t\t\t\t<\/a>\n\t\t<\/div>\n\t\t\t\t<\/div>\n\t\t\t\t<\/div>\n\t\t\t\t\t<\/div>\n\t\t<\/div>\n\t\t\t\t\t<\/div>\n\t\t<\/section>\n\t\t\t\t<section class=\"elementor-section elementor-top-section elementor-element elementor-element-6ea135e1 elementor-section-boxed elementor-section-height-default elementor-section-height-default wpr-particle-no wpr-jarallax-no wpr-parallax-no wpr-sticky-section-no\" data-id=\"6ea135e1\" data-element_type=\"section\" data-settings=\"{&quot;background_background&quot;:&quot;classic&quot;}\">\n\t\t\t\t\t\t<div class=\"elementor-container elementor-column-gap-default\">\n\t\t\t\t\t<div class=\"elementor-column elementor-col-100 elementor-top-column elementor-element elementor-element-55c7fd02\" data-id=\"55c7fd02\" data-element_type=\"column\">\n\t\t\t<div class=\"elementor-widget-wrap elementor-element-populated\">\n\t\t\t\t\t\t<section class=\"elementor-section elementor-inner-section elementor-element elementor-element-3fb2f354 elementor-reverse-tablet elementor-section-boxed elementor-section-height-default elementor-section-height-default wpr-particle-no wpr-jarallax-no wpr-parallax-no wpr-sticky-section-no\" data-id=\"3fb2f354\" data-element_type=\"section\">\n\t\t\t\t\t\t<div class=\"elementor-container elementor-column-gap-default\">\n\t\t\t\t\t<div class=\"elementor-column elementor-col-50 elementor-inner-column elementor-element elementor-element-1126ec2a\" data-id=\"1126ec2a\" data-element_type=\"column\">\n\t\t\t<div class=\"elementor-widget-wrap elementor-element-populated\">\n\t\t\t\t\t\t<div class=\"elementor-element elementor-element-3b834204 elementor-widget elementor-widget-image\" data-id=\"3b834204\" data-element_type=\"widget\" data-widget_type=\"image.default\">\n\t\t\t\t<div class=\"elementor-widget-container\">\n\t\t\t<style>\/*! elementor - v3.23.0 - 10-07-2024 *\/\n.elementor-widget-image{text-align:center}.elementor-widget-image a{display:inline-block}.elementor-widget-image a img[src$=\".svg\"]{width:48px}.elementor-widget-image img{vertical-align:middle;display:inline-block}<\/style>\t\t\t\t\t\t\t\t\t\t<img fetchpriority=\"high\" decoding=\"async\" width=\"1024\" height=\"1024\" src=\"https:\/\/sembaintheworld.com\/ao\/wp-content\/uploads\/2024\/08\/DC-elias-1024x1024.png\" class=\"attachment-large size-large wp-image-345\" alt=\"\" srcset=\"https:\/\/sembaintheworld.com\/ao\/wp-content\/uploads\/2024\/08\/DC-elias-1024x1024.png 1024w, https:\/\/sembaintheworld.com\/ao\/wp-content\/uploads\/2024\/08\/DC-elias-300x300.png 300w, https:\/\/sembaintheworld.com\/ao\/wp-content\/uploads\/2024\/08\/DC-elias-150x150.png 150w, https:\/\/sembaintheworld.com\/ao\/wp-content\/uploads\/2024\/08\/DC-elias-768x768.png 768w, https:\/\/sembaintheworld.com\/ao\/wp-content\/uploads\/2024\/08\/DC-elias-1536x1536.png 1536w, https:\/\/sembaintheworld.com\/ao\/wp-content\/uploads\/2024\/08\/DC-elias-2048x2048.png 2048w, https:\/\/sembaintheworld.com\/ao\/wp-content\/uploads\/2024\/08\/DC-elias-200x200.png 200w\" sizes=\"(max-width: 1024px) 100vw, 1024px\" \/>\t\t\t\t\t\t\t\t\t\t\t\t\t<\/div>\n\t\t\t\t<\/div>\n\t\t\t\t\t<\/div>\n\t\t<\/div>\n\t\t\t\t<div class=\"elementor-column elementor-col-50 elementor-inner-column elementor-element elementor-element-5778cd07\" data-id=\"5778cd07\" data-element_type=\"column\">\n\t\t\t<div class=\"elementor-widget-wrap elementor-element-populated\">\n\t\t\t\t\t\t<div class=\"elementor-element elementor-element-7c92b94 elementor-widget elementor-widget-button\" data-id=\"7c92b94\" data-element_type=\"widget\" id=\"artista\" data-widget_type=\"button.default\">\n\t\t\t\t<div class=\"elementor-widget-container\">\n\t\t\t\t\t<div class=\"elementor-button-wrapper\">\n\t\t\t<a class=\"elementor-button elementor-button-link elementor-size-sm\" href=\"#artista\">\n\t\t\t\t\t\t<span class=\"elementor-button-content-wrapper\">\n\t\t\t\t\t\t\t\t\t<span class=\"elementor-button-text\">Artista do m\u00eas<\/span>\n\t\t\t\t\t<\/span>\n\t\t\t\t\t<\/a>\n\t\t<\/div>\n\t\t\t\t<\/div>\n\t\t\t\t<\/div>\n\t\t\t\t<div class=\"elementor-element elementor-element-1a43ddcb elementor-widget elementor-widget-heading\" data-id=\"1a43ddcb\" data-element_type=\"widget\" data-widget_type=\"heading.default\">\n\t\t\t\t<div class=\"elementor-widget-container\">\n\t\t\t<h2 class=\"elementor-heading-title elementor-size-default\">Elias Dia Kimuezo<\/h2>\t\t<\/div>\n\t\t\t\t<\/div>\n\t\t\t\t<div class=\"elementor-element elementor-element-4efb4c35 elementor-widget elementor-widget-testimonial\" data-id=\"4efb4c35\" data-element_type=\"widget\" data-widget_type=\"testimonial.default\">\n\t\t\t\t<div class=\"elementor-widget-container\">\n\t\t\t<style>\/*! elementor - v3.23.0 - 10-07-2024 *\/\n.elementor-testimonial-wrapper{overflow:hidden;text-align:center}.elementor-testimonial-wrapper .elementor-testimonial-content{font-size:1.3em;margin-bottom:20px}.elementor-testimonial-wrapper .elementor-testimonial-name{line-height:1.5;display:block}.elementor-testimonial-wrapper .elementor-testimonial-job{font-size:.85em;display:block}.elementor-testimonial-wrapper .elementor-testimonial-meta{width:100%;line-height:1}.elementor-testimonial-wrapper .elementor-testimonial-meta-inner{display:inline-block}.elementor-testimonial-wrapper .elementor-testimonial-meta .elementor-testimonial-details,.elementor-testimonial-wrapper .elementor-testimonial-meta .elementor-testimonial-image{display:table-cell;vertical-align:middle}.elementor-testimonial-wrapper .elementor-testimonial-meta .elementor-testimonial-image img{width:60px;height:60px;border-radius:50%;-o-object-fit:cover;object-fit:cover;max-width:none}.elementor-testimonial-wrapper .elementor-testimonial-meta.elementor-testimonial-image-position-aside .elementor-testimonial-image{padding-inline-end:15px}.elementor-testimonial-wrapper .elementor-testimonial-meta.elementor-testimonial-image-position-aside .elementor-testimonial-details{text-align:start}.elementor-testimonial-wrapper .elementor-testimonial-meta.elementor-testimonial-image-position-top .elementor-testimonial-details,.elementor-testimonial-wrapper .elementor-testimonial-meta.elementor-testimonial-image-position-top .elementor-testimonial-image{display:block}.elementor-testimonial-wrapper .elementor-testimonial-meta.elementor-testimonial-image-position-top .elementor-testimonial-image{margin-bottom:20px}<\/style>\t\t<div class=\"elementor-testimonial-wrapper\">\n\t\t\t\t\t\t\t<div class=\"elementor-testimonial-content\">O Rei da M\u00fasica Angolana<\/div>\n\t\t\t\n\t\t\t\t\t\t<div class=\"elementor-testimonial-meta elementor-has-image elementor-testimonial-image-position-aside\">\n\t\t\t\t<div class=\"elementor-testimonial-meta-inner\">\n\t\t\t\t\t\t\t\t\t\t\t<div class=\"elementor-testimonial-image\">\n\t\t\t\t\t\t\t<img decoding=\"async\" width=\"49\" height=\"48\" src=\"https:\/\/sembaintheworld.com\/ao\/wp-content\/uploads\/2024\/08\/Avatar.png\" class=\"attachment-full size-full wp-image-436\" alt=\"\" \/>\t\t\t\t\t\t<\/div>\n\t\t\t\t\t\n\t\t\t\t\t\t\t\t\t\t<div class=\"elementor-testimonial-details\">\n\t\t\t\t\t\t\t\t\t\t\t\t\t\t<div class=\"elementor-testimonial-name\">HGmarketingepublicidade<\/div>\n\t\t\t\t\t\t\t\t\t\t\t\t\t\t\t\t\t\t\t\t\t\t<div class=\"elementor-testimonial-job\">Agosto 2025<\/div>\n\t\t\t\t\t\t\t\t\t\t\t\t\t<\/div>\n\t\t\t\t\t\t\t\t\t<\/div>\n\t\t\t<\/div>\n\t\t\t\t\t<\/div>\n\t\t\t\t<\/div>\n\t\t\t\t<\/div>\n\t\t\t\t\t<\/div>\n\t\t<\/div>\n\t\t\t\t\t<\/div>\n\t\t<\/section>\n\t\t\t\t<section class=\"elementor-section elementor-inner-section elementor-element elementor-element-1ec52555 elementor-section-boxed elementor-section-height-default elementor-section-height-default wpr-particle-no wpr-jarallax-no wpr-parallax-no wpr-sticky-section-no\" data-id=\"1ec52555\" data-element_type=\"section\">\n\t\t\t\t\t\t<div class=\"elementor-container elementor-column-gap-default\">\n\t\t\t\t\t<div class=\"elementor-column elementor-col-100 elementor-inner-column elementor-element elementor-element-450c26e8\" data-id=\"450c26e8\" data-element_type=\"column\">\n\t\t\t<div class=\"elementor-widget-wrap elementor-element-populated\">\n\t\t\t\t\t\t<div class=\"elementor-element elementor-element-92d0b74 elementor-widget elementor-widget-heading\" data-id=\"92d0b74\" data-element_type=\"widget\" data-widget_type=\"heading.default\">\n\t\t\t\t<div class=\"elementor-widget-container\">\n\t\t\t<h2 class=\"elementor-heading-title elementor-size-default\">Sobre<\/h2>\t\t<\/div>\n\t\t\t\t<\/div>\n\t\t\t\t<div class=\"elementor-element elementor-element-2c2e3364 elementor-widget elementor-widget-text-editor\" data-id=\"2c2e3364\" data-element_type=\"widget\" data-widget_type=\"text-editor.default\">\n\t\t\t\t<div class=\"elementor-widget-container\">\n\t\t\t\t\t\t\t<p>Nasceu no Bairro Mar\u00e7al, com o nome de Elias Jos\u00e9 Francisco, no dia 2 de Janeiro de 1936. Aos 7 anos de idade, torna-se \u00f3rf\u00e3o, facto que o obriga mais tarde, aos 12 anos a ir viver em casa da av\u00f3, no Bairro Sambizanga, onde aprende a comunicar-se de forma fluente, na sua l\u00edngua materna o kimbundo.<\/p><p>\u00a0<\/p><p>A sua constante frequ\u00eancia no Samba Kim\u00fangua, na zona do Bungo em Luanda, onde residiam v\u00e1rios oper\u00e1rios do Porto e dos Caminhos-de-ferro que tocavam e dan\u00e7avam o Kinganje, fez com que descobrisse, aos 15 anos de idade, a sua voca\u00e7\u00e3o art\u00edstica, que o leva a integrar-se na Turma do Margoso, como vocalista principal e tocador de bate-bate.<\/p><p>\u00a0<\/p><p>Dois anos mais tarde, muda-se para o agrupamento Os Kizombas, que naquela altura, tocava nas farras do Sal\u00e3o Malanjinho no Bairro do Sambizanga.<\/p><p>\u00a0<\/p><p>Com o tempo foi-se aprimorando na arte de cantar, e tornando-se cada vez mais conhecido.<\/p><p>\u00a0<\/p><p>Em 1969 surge o Festival Folcl\u00f3rico das prov\u00edncias Portuguesas, a ter lugar em Portugal, e o mesmo \u00e9 convidado, para, com o Grupo de Rebita do Mestre Geraldo e Os Marimbeiros de Duque de Bragan\u00e7a, oriundos de Malanje, representar a Prov\u00edncia de Angola.<\/p><p>\u00a0<\/p><p>O seu desempenho art\u00edstico, como o dos restantes artistas, mereceram elevados elogios da cr\u00edtica e dos analistas culturais locais, pelo que lhe foi colocada a proposta, prontamente aceite, de gravar 2 \u201csingles\u201d para a editora Valentim de Carvalho.<\/p><p>\u00a0<\/p><p>Foram ent\u00e3o feitas as respectivas grava\u00e7\u00f5es, \u201cMualunga\u201d, \u201cRessurrei\u00e7\u00e3o\u201d, \u201cMuenhu Ua Muto\u201d e \u201cZum-Zum\u201d, que tiveram as participa\u00e7\u00f5es de Barcel\u00f3 de Carvalho (Bonga), Rui Mingas, Teta Lando e dos Marimbeiros de Duque de Bragan\u00e7a.<\/p><p>\u00a0<\/p><p>O lan\u00e7amento das obras, com muita pompa e circunst\u00e2ncia, teve lugar no Cine-Restaura\u00e7\u00e3o, um dos cinemas mais chiques de Luanda. O sucesso crescia dia ap\u00f3s dia, e em face disso, Elias dya Kimuezu, \u00e9 galardoado com o t\u00edtulo de \u201cMelhor Int\u00e9rprete da Can\u00e7\u00e3o Angolana\u201d. Este pr\u00e9mio era atribu\u00eddo anualmente, aos artistas que se destacavam na Prov\u00edncia de Angola, pelo CITA-Centro de Informa\u00e7\u00e3o e Turismo de Angola.<\/p><p>Em 1972, em compensa\u00e7\u00e3o, pelo seu abnegado trabalho em prol da m\u00fasica, recebe uma estatueta referente aos \u201c11 mais da cidade de Luanda\u201d, que premiava as 11 figuras mais destacadas nas diversas \u00e1reas profissionais e sociais na cidade de Luanda.<\/p><p>No ano de 1974, fruto do intenso trabalho de mobiliza\u00e7\u00e3o, \u00e9 preso com seu irm\u00e3o mais novo \u201cChico Su\u00ed\u00e7a\u201d e remetidos de imediato para \u201cS\u00e3o Nicolau\u201d \u2013 Campo I das Salinas, caserna III, onde sa\u00edram ap\u00f3s clarifica\u00e7\u00e3o do processo de descoloniza\u00e7\u00e3o e o Sistema ser obrigado a tratar da liberta\u00e7\u00e3o de todos os presos, principalmente os do foro pol\u00edtico.<\/p>\t\t\t\t\t\t<\/div>\n\t\t\t\t<\/div>\n\t\t\t\t<div class=\"elementor-element elementor-element-54a93206 elementor-widget elementor-widget-heading\" data-id=\"54a93206\" data-element_type=\"widget\" data-widget_type=\"heading.default\">\n\t\t\t\t<div class=\"elementor-widget-container\">\n\t\t\t<h2 class=\"elementor-heading-title elementor-size-default\">Notariedade<\/h2>\t\t<\/div>\n\t\t\t\t<\/div>\n\t\t\t\t<div class=\"elementor-element elementor-element-419de84b elementor-widget elementor-widget-text-editor\" data-id=\"419de84b\" data-element_type=\"widget\" data-widget_type=\"text-editor.default\">\n\t\t\t\t<div class=\"elementor-widget-container\">\n\t\t\t\t\t\t\t<p style=\"font-family: var(--wp--preset--font-family--fontsecondary); font-size: var(--wp--preset--font-size--superbfont-xsmall);\">Aquando da cria\u00e7\u00e3o do Agrupamento \u201cKissanguela\u201d, por M\u00e1rio Silva foi Elias Dia Kimuezo, quem sugeriu o nome do mesmo, tendo em conta o momento que se vivia e o trabalho que se pretendia que o Agrupamento produzisse.<\/p><p style=\"font-family: var(--wp--preset--font-family--fontsecondary); font-size: var(--wp--preset--font-size--superbfont-xsmall);\">Desde os meados da d\u00e9cada de 60 que Elias Dia Kimuezo, pela qualidade do seu trabalho e a const\u00e2ncia do seu desempenho, foi considerado como \u201cO Rei da M\u00fasica Angolana\u201d. Fonte: Hist\u00f3ria de Angola<\/p>\t\t\t\t\t\t<\/div>\n\t\t\t\t<\/div>\n\t\t\t\t\t<\/div>\n\t\t<\/div>\n\t\t\t\t\t<\/div>\n\t\t<\/section>\n\t\t\t\t\t<\/div>\n\t\t<\/div>\n\t\t\t\t\t<\/div>\n\t\t<\/section>\n\t\t\t\t<\/div>\n\t\t","protected":false},"excerpt":{"rendered":"<p>MAIS SOBRE A M\u00daSICA ANGOLANA M\u00daSICA Artista do m\u00eas Artista do m\u00eas Elias Dia Kimuezo O Rei da M\u00fasica Angolana HGmarketingepublicidade Agosto 2025 Sobre Nasceu no Bairro Mar\u00e7al, com o nome de Elias Jos\u00e9 Francisco, no dia 2 de Janeiro de 1936. Aos 7 anos de idade, torna-se \u00f3rf\u00e3o, facto que o obriga mais tarde, aos 12 anos a ir viver em casa da av\u00f3, no Bairro Sambizanga, onde aprende a comunicar-se de forma fluente, na sua l\u00edngua materna o kimbundo. \u00a0 A sua constante frequ\u00eancia no Samba Kim\u00fangua, na zona do Bungo em Luanda, onde residiam v\u00e1rios oper\u00e1rios do Porto e dos Caminhos-de-ferro que tocavam e dan\u00e7avam o Kinganje, fez com que descobrisse, aos 15 anos de idade, a sua voca\u00e7\u00e3o art\u00edstica, que o leva a integrar-se na Turma do Margoso, como vocalista principal e tocador de bate-bate. \u00a0 Dois anos mais tarde, muda-se para o agrupamento Os Kizombas, que naquela altura, tocava nas farras do Sal\u00e3o Malanjinho no Bairro do Sambizanga. \u00a0 Com o tempo foi-se aprimorando na arte de cantar, e tornando-se cada vez mais conhecido. \u00a0 Em 1969 surge o Festival Folcl\u00f3rico das prov\u00edncias Portuguesas, a ter lugar em Portugal, e o mesmo \u00e9 convidado, para, com o Grupo de Rebita do Mestre Geraldo e Os Marimbeiros de Duque de Bragan\u00e7a, oriundos de Malanje, representar a Prov\u00edncia de Angola. \u00a0 O seu desempenho art\u00edstico, como o dos restantes artistas, mereceram elevados elogios da cr\u00edtica e dos analistas culturais locais, pelo que lhe foi colocada a proposta, prontamente aceite, de gravar 2 \u201csingles\u201d para a editora Valentim de Carvalho. \u00a0 Foram ent\u00e3o feitas as respectivas grava\u00e7\u00f5es, \u201cMualunga\u201d, \u201cRessurrei\u00e7\u00e3o\u201d, \u201cMuenhu Ua Muto\u201d e \u201cZum-Zum\u201d, que tiveram as participa\u00e7\u00f5es de Barcel\u00f3 de Carvalho (Bonga), Rui Mingas, Teta Lando e dos Marimbeiros de Duque de Bragan\u00e7a. \u00a0 O lan\u00e7amento das obras, com muita pompa e circunst\u00e2ncia, teve lugar no Cine-Restaura\u00e7\u00e3o, um dos cinemas mais chiques de Luanda. O sucesso crescia dia ap\u00f3s dia, e em face disso, Elias dya Kimuezu, \u00e9 galardoado com o t\u00edtulo de \u201cMelhor Int\u00e9rprete da Can\u00e7\u00e3o Angolana\u201d. Este pr\u00e9mio era atribu\u00eddo anualmente, aos artistas que se destacavam na Prov\u00edncia de Angola, pelo CITA-Centro de Informa\u00e7\u00e3o e Turismo de Angola. Em 1972, em compensa\u00e7\u00e3o, pelo seu abnegado trabalho em prol da m\u00fasica, recebe uma estatueta referente aos \u201c11 mais da cidade de Luanda\u201d, que premiava as 11 figuras mais destacadas nas diversas \u00e1reas profissionais e sociais na cidade de Luanda. No ano de 1974, fruto do intenso trabalho de mobiliza\u00e7\u00e3o, \u00e9 preso com seu irm\u00e3o mais novo \u201cChico Su\u00ed\u00e7a\u201d e remetidos de imediato para \u201cS\u00e3o Nicolau\u201d \u2013 Campo I das Salinas, caserna III, onde sa\u00edram ap\u00f3s clarifica\u00e7\u00e3o do processo de descoloniza\u00e7\u00e3o e o Sistema ser obrigado a tratar da liberta\u00e7\u00e3o de todos os presos, principalmente os do foro pol\u00edtico. Notariedade Aquando da cria\u00e7\u00e3o do Agrupamento \u201cKissanguela\u201d, por M\u00e1rio Silva foi Elias Dia Kimuezo, quem sugeriu o nome do mesmo, tendo em conta o momento que se vivia e o trabalho que se pretendia que o Agrupamento produzisse. Desde os meados da d\u00e9cada de 60 que Elias Dia Kimuezo, pela qualidade do seu trabalho e a const\u00e2ncia do seu desempenho, foi considerado como \u201cO Rei da M\u00fasica Angolana\u201d. Fonte: Hist\u00f3ria de Angola<\/p>\n","protected":false},"author":1,"featured_media":0,"parent":0,"menu_order":0,"comment_status":"closed","ping_status":"closed","template":"full-width","meta":{"footnotes":""},"class_list":["post-142","page","type-page","status-publish","hentry"],"_links":{"self":[{"href":"https:\/\/sembaintheworld.com\/ao\/wp-json\/wp\/v2\/pages\/142","targetHints":{"allow":["GET"]}}],"collection":[{"href":"https:\/\/sembaintheworld.com\/ao\/wp-json\/wp\/v2\/pages"}],"about":[{"href":"https:\/\/sembaintheworld.com\/ao\/wp-json\/wp\/v2\/types\/page"}],"author":[{"embeddable":true,"href":"https:\/\/sembaintheworld.com\/ao\/wp-json\/wp\/v2\/users\/1"}],"replies":[{"embeddable":true,"href":"https:\/\/sembaintheworld.com\/ao\/wp-json\/wp\/v2\/comments?post=142"}],"version-history":[{"count":10,"href":"https:\/\/sembaintheworld.com\/ao\/wp-json\/wp\/v2\/pages\/142\/revisions"}],"predecessor-version":[{"id":1086,"href":"https:\/\/sembaintheworld.com\/ao\/wp-json\/wp\/v2\/pages\/142\/revisions\/1086"}],"wp:attachment":[{"href":"https:\/\/sembaintheworld.com\/ao\/wp-json\/wp\/v2\/media?parent=142"}],"curies":[{"name":"wp","href":"https:\/\/api.w.org\/{rel}","templated":true}]}}